{"id":9172,"date":"2024-03-25T04:29:22","date_gmt":"2024-03-25T02:29:22","guid":{"rendered":"https:\/\/neomdahab.com\/product\/wohnung-mit-terrasse-1-stock\/"},"modified":"2024-03-25T04:29:22","modified_gmt":"2024-03-25T04:29:22","slug":"wohnung-mit-terrasse-1-stock","status":"publish","type":"product","link":"https:\/\/neomdahab.com\/de\/produkt\/wohnung-mit-terrasse-1-stock\/","title":{"rendered":"Wohnung mit Terrasse 1. Stock"},"content":{"rendered":"<h2>Gr\u00f6\u00dfe des Apartments:<\/h2>\n<p>60 m\u00b2<\/p>\n<p>Dieses Apartment verf\u00fcgt \u00fcber 1 Wohnzimmer, 2 separate Schlafzimmer und 1 Badezimmer mit einer Dusche und kostenfreien Pflegeprodukten. Das klimatisierte Apartment verf\u00fcgt \u00fcber eine Terrasse und einen Balkon. Das Ger\u00e4t verf\u00fcgt \u00fcber 4 Betten.<\/p>\n<div class=\"more-facilities-space\">\n<h2>In Ihrem privaten Badezimmer:<\/h2>\n<ul class=\"hprt-lightbox-list js-lightbox-facilities\" data-nr-of-facilities=\"7\">\n<li class=\"hprt-lightbox-list__item js-lightbox-facility\" data-name-en=\"Free Toiletries\" data-id=\"27\"><span class=\"\">kostenlosen Pflegeprodukten<\/span><\/li>\n<li class=\"hprt-lightbox-list__item js-lightbox-facility\" data-name-en=\"Shower\" data-id=\"4\"><span class=\"\">Dusche<\/span><\/li>\n<li class=\"hprt-lightbox-list__item js-lightbox-facility\" data-name-en=\"Toilet\" data-id=\"31\"><span class=\"\">WC<\/span><\/li>\n<li class=\"hprt-lightbox-list__item js-lightbox-facility\" data-name-en=\"Hair Dryer\" data-id=\"12\"><span class=\"\">hairdryer<\/span><\/li>\n<li class=\"hprt-lightbox-list__item js-lightbox-facility\" data-name-en=\"Additional Toilet\" data-id=\"72\"><span class=\"\">G\u00e4stebad<\/span><\/li>\n<li class=\"hprt-lightbox-list__item js-lightbox-facility\" data-name-en=\"Toilet paper\" data-id=\"141\"><span class=\"\">Toilettenpapier<\/span><\/li>\n<\/ul>\n<h2>Ansicht:<\/h2>\n<ul class=\"hprt-lightbox-list js-lightbox-facilities\" data-nr-of-facilities=\"3\">\n<li class=\"hprt-lightbox-list__item js-lightbox-facility\" data-name-en=\"Balcony\" data-id=\"17\"><span class=\"\">Balkon<\/span><\/li>\n<li class=\"hprt-lightbox-list__item js-lightbox-facility\" data-name-en=\"Terrace\" data-id=\"123\"><span class=\"\">Terrasse<\/span><\/li>\n<li class=\"hprt-lightbox-list__item js-lightbox-facility\" data-name-en=\"Inner courtyard view\" data-id=\"190\"><span class=\"\">Innenhofblick<\/span><\/li>\n<\/ul>\n<h2>Wohnungsausstattung:<\/h2>\n<ul class=\"hprt-lightbox-list js-lightbox-facilities\" data-nr-of-facilities=\"21\">\n<li class=\"hprt-lightbox-list__item js-lightbox-facility\" data-name-en=\"Safe Deposit Box\" data-id=\"6\"><span class=\"\">sure<\/span><\/li>\n<li class=\"hprt-lightbox-list__item js-lightbox-facility\" data-name-en=\"Dining table\" data-id=\"126\"><span class=\"\">Esstisch<\/span><\/li>\n<li class=\"hprt-lightbox-list__item js-lightbox-facility\" data-name-en=\"Upper floor reachable by stairs only\" data-id=\"133\"><span class=\"\">Obere Etagen nur \u00fcber Treppen erreichbar<\/span><\/li>\n<li class=\"hprt-lightbox-list__item js-lightbox-facility\" data-name-en=\"Wake Up Service\" data-id=\"83\"><span class=\"\">Weckdienst<\/span><\/li>\n<li class=\"hprt-lightbox-list__item js-lightbox-facility\" data-name-en=\"Fan\" data-id=\"30\"><span class=\"\">L\u00fcfter<\/span><\/li>\n<li class=\"hprt-lightbox-list__item js-lightbox-facility\" data-name-en=\"Towels\" data-id=\"124\"><span class=\"\">Handt\u00fccher<\/span><\/li>\n<li class=\"hprt-lightbox-list__item js-lightbox-facility\" data-name-en=\"Coffee\/Tea maker\" data-id=\"1\"><span class=\"\">Tee- und Kaffeezubeh\u00f6r<\/span><\/li>\n<li class=\"hprt-lightbox-list__item js-lightbox-facility\" data-name-en=\"Allergy-Free\" data-id=\"115\"><span class=\"\">hypoallergen<\/span><\/li>\n<li class=\"hprt-lightbox-list__item js-lightbox-facility\" data-name-en=\"Linen\" data-id=\"125\"><span class=\"\">Bettw\u00e4sche<\/span><\/li>\n<li class=\"hprt-lightbox-list__item js-lightbox-facility\" data-name-en=\"Electric Kettle\" data-id=\"86\"><span class=\"\">Wasserkocher<\/span><\/li>\n<li class=\"hprt-lightbox-list__item js-lightbox-facility\" data-name-en=\"Wardrobe\/Closet\" data-id=\"95\"><span class=\"\">Schrank<\/span><\/li>\n<li class=\"hprt-lightbox-list__item js-lightbox-facility\" data-name-en=\"Cleaning products\" data-id=\"116\"><span class=\"\">Reinigungsmittel<\/span><\/li>\n<li class=\"hprt-lightbox-list__item js-lightbox-facility\" data-name-en=\"Airconditioning\" data-id=\"11\"><span class=\"\">Klimaanlage<\/span><\/li>\n<li class=\"hprt-lightbox-list__item js-lightbox-facility\" data-name-en=\"Dining Area\" data-id=\"85\"><span class=\"\">Essbereich<\/span><\/li>\n<li class=\"hprt-lightbox-list__item js-lightbox-facility\" data-name-en=\"Clothes Rack\" data-id=\"138\"><span class=\"\">Kleiderst\u00e4nder<\/span><\/li>\n<li class=\"hprt-lightbox-list__item js-lightbox-facility\" data-name-en=\"hand_sanitizer_in_room\" data-id=\"231\"><span class=\"\">H\u00e4ndedesinfektionsmittel<\/span><\/li>\n<\/ul>\n<\/div>\n<div class=\"policy-section\">\n<h2>Rauchen:<\/h2>\n<p>nicht rauchen<\/p>\n<\/div>\n","protected":false},"excerpt":{"rendered":"<p>Gr\u00f6\u00dfe des Apartments: 60 m\u00b2 Dieses Apartment verf\u00fcgt \u00fcber 1 Wohnzimmer, 2 separate Schlafzimmer und 1 Badezimmer mit einer Dusche und kostenfreien Pflegeprodukten. Das klimatisierte Apartment verf\u00fcgt \u00fcber eine Terrasse und einen Balkon. Das Ger\u00e4t verf\u00fcgt \u00fcber 4 Betten. In Ihrem privaten Badezimmer: kostenlosen Pflegeprodukten Dusche WC hairdryer G\u00e4stebad Toilettenpapier Ansicht: Balkon Terrasse Innenhofblick Wohnungsausstattung: [&hellip;]<\/p>\n","protected":false},"featured_media":9053,"comment_status":"closed","ping_status":"closed","template":"","meta":{"_glsr_average":0,"_glsr_ranking":0,"_glsr_reviews":0},"product_brand":[],"product_cat":[65],"product_tag":[],"class_list":{"0":"post-9172","1":"product","2":"type-product","3":"status-publish","4":"has-post-thumbnail","6":"product_cat-neom-dahab-de","8":"first","9":"instock","10":"taxable","11":"shipping-taxable","12":"purchasable","13":"product-type-ovacrs_car_rental"},"_links":{"self":[{"href":"https:\/\/neomdahab.com\/de\/wp-json\/wp\/v2\/product\/9172","targetHints":{"allow":["GET"]}}],"collection":[{"href":"https:\/\/neomdahab.com\/de\/wp-json\/wp\/v2\/product"}],"about":[{"href":"https:\/\/neomdahab.com\/de\/wp-json\/wp\/v2\/types\/product"}],"replies":[{"embeddable":true,"href":"https:\/\/neomdahab.com\/de\/wp-json\/wp\/v2\/comments?post=9172"}],"wp:featuredmedia":[{"embeddable":true,"href":"https:\/\/neomdahab.com\/de\/wp-json\/wp\/v2\/media\/9053"}],"wp:attachment":[{"href":"https:\/\/neomdahab.com\/de\/wp-json\/wp\/v2\/media?parent=9172"}],"wp:term":[{"taxonomy":"product_brand","embeddable":true,"href":"https:\/\/neomdahab.com\/de\/wp-json\/wp\/v2\/product_brand?post=9172"},{"taxonomy":"product_cat","embeddable":true,"href":"https:\/\/neomdahab.com\/de\/wp-json\/wp\/v2\/product_cat?post=9172"},{"taxonomy":"product_tag","embeddable":true,"href":"https:\/\/neomdahab.com\/de\/wp-json\/wp\/v2\/product_tag?post=9172"}],"curies":[{"name":"wp","href":"https:\/\/api.w.org\/{rel}","templated":true}]}}