{"id":9169,"date":"2024-03-27T09:39:34","date_gmt":"2024-03-27T09:39:34","guid":{"rendered":"https:\/\/neomdahab.com\/product\/deluxe-suite-mit-meerblick-hochzeitsreisende\/"},"modified":"2024-03-27T09:39:34","modified_gmt":"2024-03-27T09:39:34","slug":"deluxe-suite-mit-blick-aufs-meer","status":"publish","type":"product","link":"https:\/\/neomdahab.com\/de\/produkt\/deluxe-suite-mit-blick-aufs-meer\/","title":{"rendered":"Deluxe Suite mit Meerblick Hochzeitsreisende"},"content":{"rendered":"<div id=\"property_description_content\" data-et-view=\"\">\n<div data-capla-component-boundary=\"b-property-web-property-page\/PropertyDescriptionDesktop\">\n<h2>Anzahl der Zimmer: 8<\/h2>\n<h2>Gr\u00f6\u00dfe des Zimmers: 60 m\u00b2<\/h2>\n<p>Die ger\u00e4umige Suite verf\u00fcgt \u00fcber 1 Schlafzimmer und 1 Badezimmer mit einer Badewanne und kostenlosen Pflegeprodukten. Die klimatisierte Suite verf\u00fcgt \u00fcber eine Tee- und Kaffeemaschine, einen Essbereich sowie eine Terrasse mit Meerblick. Das Ger\u00e4t verf\u00fcgt \u00fcber 1 Bett.<\/p>\n<h2>In Ihrem privaten Badezimmer:<\/h2>\n<div class=\"more-facilities-space\">\n<ul class=\"hprt-lightbox-list js-lightbox-facilities\" data-nr-of-facilities=\"9\">\n<li class=\"hprt-lightbox-list__item js-lightbox-facility\" data-name-en=\"Bath\" data-id=\"5\"><span class=\"\">Badewanne<\/span><\/li>\n<li class=\"hprt-lightbox-list__item js-lightbox-facility\" data-name-en=\"Free Toiletries\" data-id=\"27\"><span class=\"\">kostenlosen Pflegeprodukten<\/span><\/li>\n<li class=\"hprt-lightbox-list__item js-lightbox-facility\" data-name-en=\"Shower\" data-id=\"4\"><span class=\"\">Dusche<\/span><\/li>\n<li class=\"hprt-lightbox-list__item js-lightbox-facility\" data-name-en=\"Toilet\" data-id=\"31\"><span class=\"\">WC<\/span><\/li>\n<li class=\"hprt-lightbox-list__item js-lightbox-facility\" data-name-en=\"Spa Bath\" data-id=\"20\"><span class=\"\">Whirlpool<\/span><\/li>\n<li class=\"hprt-lightbox-list__item js-lightbox-facility\" data-name-en=\"Hair Dryer\" data-id=\"12\"><span class=\"\">hairdryer<\/span><\/li>\n<li class=\"hprt-lightbox-list__item js-lightbox-facility\" data-name-en=\"Additional Toilet\" data-id=\"72\"><span class=\"\">G\u00e4stebad<\/span><\/li>\n<li class=\"hprt-lightbox-list__item js-lightbox-facility\" data-name-en=\"Toilet paper\" data-id=\"141\"><span class=\"\">Toilettenpapier<\/span><\/li>\n<\/ul>\n<h2>Ansicht:<\/h2>\n<ul class=\"hprt-lightbox-list js-lightbox-facilities\" data-nr-of-facilities=\"7\">\n<li class=\"hprt-lightbox-list__item js-lightbox-facility\" data-name-en=\"Balcony\" data-id=\"17\"><span class=\"\">Balkon<\/span><\/li>\n<li class=\"hprt-lightbox-list__item js-lightbox-facility\" data-name-en=\"Terrace\" data-id=\"123\"><span class=\"\">Terrasse<\/span><\/li>\n<li class=\"hprt-lightbox-list__item js-lightbox-facility\" data-name-en=\"Sea View\" data-id=\"108\"><span class=\"\">Meerblick<\/span><\/li>\n<li class=\"hprt-lightbox-list__item js-lightbox-facility\" data-name-en=\"Pool View\" data-id=\"111\"><span class=\"\">Poolblick<\/span><\/li>\n<li class=\"hprt-lightbox-list__item js-lightbox-facility\" data-name-en=\"Landmark View\" data-id=\"113\"><span class=\"\">Blick auf Sehensw\u00fcrdigkeit<\/span><\/li>\n<li class=\"hprt-lightbox-list__item js-lightbox-facility\" data-name-en=\"Inner courtyard view\" data-id=\"190\"><span class=\"\">Innenhofblick<\/span><\/li>\n<li class=\"hprt-lightbox-list__item js-lightbox-facility\" data-name-en=\"Patio\" data-id=\"37\"><span class=\"\">Terrasse<\/span><\/li>\n<\/ul>\n<\/div>\n<\/div>\n<h2>Zimmerausstattung: \u200b<\/h2>\n<ul class=\"hprt-lightbox-list js-lightbox-facilities\" data-nr-of-facilities=\"20\">\n<li class=\"hprt-lightbox-list__item js-lightbox-facility\" data-name-en=\"Safe Deposit Box\" data-id=\"6\"><span class=\"\">sure<\/span><\/li>\n<li class=\"hprt-lightbox-list__item js-lightbox-facility\" data-name-en=\"Upper floor reachable by stairs only\" data-id=\"133\"><span class=\"\">Obere Etagen nur \u00fcber Treppen erreichbar<\/span><\/li>\n<li class=\"hprt-lightbox-list__item js-lightbox-facility\" data-name-en=\"Wake Up Service\" data-id=\"83\"><span class=\"\">Weckdienst<\/span><\/li>\n<li class=\"hprt-lightbox-list__item js-lightbox-facility\" data-name-en=\"Fan\" data-id=\"30\"><span class=\"\">L\u00fcfter<\/span><\/li>\n<li class=\"hprt-lightbox-list__item js-lightbox-facility\" data-name-en=\"Towels\" data-id=\"124\"><span class=\"\">Handt\u00fccher<\/span><\/li>\n<li class=\"hprt-lightbox-list__item js-lightbox-facility\" data-name-en=\"Coffee\/Tea maker\" data-id=\"1\"><span class=\"\">Tee- und Kaffeezubeh\u00f6r<\/span><\/li>\n<li class=\"hprt-lightbox-list__item js-lightbox-facility\" data-name-en=\"Allergy-Free\" data-id=\"115\"><span class=\"\">hypoallergen<\/span><\/li>\n<li class=\"hprt-lightbox-list__item js-lightbox-facility\" data-name-en=\"Linen\" data-id=\"125\"><span class=\"\">Bettw\u00e4sche<\/span><\/li>\n<li class=\"hprt-lightbox-list__item js-lightbox-facility\" data-name-en=\"Electric Kettle\" data-id=\"86\"><span class=\"\">Wasserkocher<\/span><\/li>\n<li class=\"hprt-lightbox-list__item js-lightbox-facility\" data-name-en=\"Wardrobe\/Closet\" data-id=\"95\"><span class=\"\">Schrank<\/span><\/li>\n<li class=\"hprt-lightbox-list__item js-lightbox-facility\" data-name-en=\"Cleaning products\" data-id=\"116\"><span class=\"\">Reinigungsmittel<\/span><\/li>\n<li class=\"hprt-lightbox-list__item js-lightbox-facility\" data-name-en=\"Airconditioning\" data-id=\"11\"><span class=\"\">Klimaanlage<\/span><\/li>\n<li class=\"hprt-lightbox-list__item js-lightbox-facility\" data-name-en=\"Dining Area\" data-id=\"85\"><span class=\"\">Essbereich<\/span><\/li>\n<li class=\"hprt-lightbox-list__item js-lightbox-facility\" data-name-en=\"Clothes Rack\" data-id=\"138\"><span class=\"\">Kleiderst\u00e4nder<\/span><\/li>\n<li class=\"hprt-lightbox-list__item js-lightbox-facility\" data-name-en=\"hand_sanitizer_in_room\" data-id=\"231\"><span class=\"\">H\u00e4ndedesinfektionsmittel<\/span><\/li>\n<\/ul>\n<\/div>\n<div class=\"policy-section\">\n<h2>Rauchen:<\/h2>\n<p>nicht rauchen<\/p>\n<\/div>\n","protected":false},"excerpt":{"rendered":"<p>Anzahl der Zimmer: 8 Gr\u00f6\u00dfe des Zimmers: 60 m\u00b2 Die ger\u00e4umige Suite verf\u00fcgt \u00fcber 1 Schlafzimmer und 1 Badezimmer mit einer Badewanne und kostenlosen Pflegeprodukten. Die klimatisierte Suite verf\u00fcgt \u00fcber eine Tee- und Kaffeemaschine, einen Essbereich sowie eine Terrasse mit Meerblick. Das Ger\u00e4t verf\u00fcgt \u00fcber 1 Bett. In Ihrem privaten Badezimmer: Badewanne kostenlosen Pflegeprodukten Dusche [&hellip;]<\/p>\n","protected":false},"featured_media":9006,"comment_status":"open","ping_status":"closed","template":"","meta":{"_glsr_average":0,"_glsr_ranking":0,"_glsr_reviews":0},"product_brand":[],"product_cat":[65],"product_tag":[],"class_list":{"0":"post-9169","1":"product","2":"type-product","3":"status-publish","4":"has-post-thumbnail","6":"product_cat-neom-dahab-de","8":"first","9":"instock","10":"taxable","11":"shipping-taxable","12":"purchasable","13":"product-type-ovacrs_car_rental"},"_links":{"self":[{"href":"https:\/\/neomdahab.com\/de\/wp-json\/wp\/v2\/product\/9169","targetHints":{"allow":["GET"]}}],"collection":[{"href":"https:\/\/neomdahab.com\/de\/wp-json\/wp\/v2\/product"}],"about":[{"href":"https:\/\/neomdahab.com\/de\/wp-json\/wp\/v2\/types\/product"}],"replies":[{"embeddable":true,"href":"https:\/\/neomdahab.com\/de\/wp-json\/wp\/v2\/comments?post=9169"}],"wp:featuredmedia":[{"embeddable":true,"href":"https:\/\/neomdahab.com\/de\/wp-json\/wp\/v2\/media\/9006"}],"wp:attachment":[{"href":"https:\/\/neomdahab.com\/de\/wp-json\/wp\/v2\/media?parent=9169"}],"wp:term":[{"taxonomy":"product_brand","embeddable":true,"href":"https:\/\/neomdahab.com\/de\/wp-json\/wp\/v2\/product_brand?post=9169"},{"taxonomy":"product_cat","embeddable":true,"href":"https:\/\/neomdahab.com\/de\/wp-json\/wp\/v2\/product_cat?post=9169"},{"taxonomy":"product_tag","embeddable":true,"href":"https:\/\/neomdahab.com\/de\/wp-json\/wp\/v2\/product_tag?post=9169"}],"curies":[{"name":"wp","href":"https:\/\/api.w.org\/{rel}","templated":true}]}}