{"id":10687,"date":"2024-06-26T09:47:45","date_gmt":"2024-06-26T07:47:45","guid":{"rendered":"https:\/\/neomdahab.com\/lebensmittel-und-getraenke\/"},"modified":"2024-07-21T13:49:59","modified_gmt":"2024-07-21T11:49:59","slug":"unser-menu","status":"publish","type":"page","link":"https:\/\/neomdahab.com\/de\/unser-menu\/","title":{"rendered":"Unser Menu"},"content":{"rendered":"\t\t<div data-elementor-type=\"wp-page\" data-elementor-id=\"10687\" class=\"elementor elementor-10687 elementor-10664\" data-elementor-post-type=\"page\">\n\t\t\t\t\t\t<section class=\"elementor-section elementor-top-section elementor-element elementor-element-5792e6b elementor-section-boxed elementor-section-height-default elementor-section-height-default\" data-id=\"5792e6b\" data-element_type=\"section\" data-settings=\"{&quot;background_background&quot;:&quot;classic&quot;}\">\n\t\t\t\t\t\t\t<div class=\"elementor-background-overlay\"><\/div>\n\t\t\t\t\t\t\t<div class=\"elementor-container elementor-column-gap-default\">\n\t\t\t\t\t<div class=\"elementor-column elementor-col-100 elementor-top-column elementor-element elementor-element-f6e2f54\" data-id=\"f6e2f54\" data-element_type=\"column\">\n\t\t\t<div class=\"elementor-widget-wrap elementor-element-populated\">\n\t\t\t\t\t\t<div class=\"elementor-element elementor-element-17fdb16 elementor-widget elementor-widget-heading\" data-id=\"17fdb16\" data-element_type=\"widget\" data-widget_type=\"heading.default\">\n\t\t\t\t<div class=\"elementor-widget-container\">\n\t\t\t\t\t<h2 class=\"elementor-heading-title elementor-size-default\">Unser Menu<\/h2>\t\t\t\t<\/div>\n\t\t\t\t<\/div>\n\t\t\t\t\t<\/div>\n\t\t<\/div>\n\t\t\t\t\t<\/div>\n\t\t<\/section>\n\t\t<div class=\"elementor-element elementor-element-cc77336 e-flex e-con-boxed e-con e-parent\" data-id=\"cc77336\" data-element_type=\"container\">\n\t\t\t\t\t<div class=\"e-con-inner\">\n\t\t\t\t<div class=\"elementor-element elementor-element-d237b42 elementor-widget elementor-widget-spacer\" data-id=\"d237b42\" data-element_type=\"widget\" data-widget_type=\"spacer.default\">\n\t\t\t\t<div class=\"elementor-widget-container\">\n\t\t\t\t\t\t\t<div class=\"elementor-spacer\">\n\t\t\t<div class=\"elementor-spacer-inner\"><\/div>\n\t\t<\/div>\n\t\t\t\t\t\t<\/div>\n\t\t\t\t<\/div>\n\t\t\t\t\t<\/div>\n\t\t\t\t<\/div>\n\t\t<div class=\"elementor-element elementor-element-a69f000 e-flex e-con-boxed e-con e-parent\" data-id=\"a69f000\" data-element_type=\"container\">\n\t\t\t\t\t<div class=\"e-con-inner\">\n\t\t<div class=\"elementor-element elementor-element-4e78710 e-con-full e-flex e-con e-child\" data-id=\"4e78710\" data-element_type=\"container\">\n\t\t\t\t<div class=\"elementor-element elementor-element-fb8e482 elementor-widget elementor-widget-ova_heading\" data-id=\"fb8e482\" data-element_type=\"widget\" data-widget_type=\"ova_heading.default\">\n\t\t\t\t<div class=\"elementor-widget-container\">\n\t\t\t\t\t\t\t\n\t\t<div class=\"ova_heading version_6 \">\n\t\t\t<div class=\"icon_top\"><i class=\"fa fa-home\"><\/i><\/div>\n\t\t\t<div class=\"sub_title second_font\"><\/div>\n\t\t\t<div class=\"title second_font\">\n\t\t\t\t<span class=\"line_left\"><\/span>\n\t\t\t\t<div class=\"text_title\">Entdecken Sie unsere k\u00f6stlichen Angebote.<\/div>\n\t\t\t\t<span class=\"line_right\"><\/span>\n\t\t\t<\/div>\n\t\t\t<div class=\"line_bottom\"><\/div>\n\t\t\t<div class=\"description second_font\">DISCOVER NEWS UPDATE<\/div>\n\t\t\t\t\t\t\t<img decoding=\"async\" class=\"images\" src=\"https:\/\/neomdahab.com\/wp-content\/plugins\/ova-framework\/\/assets\/img\/line_heading.png\" alt=\"\" \/>\n\t\t\t\t\t\t<div class=\"icon_bottom\"><i class=\"\"><\/i><\/div>\n\t\t<\/div>\n\n\t\t\t\t\t\t<\/div>\n\t\t\t\t<\/div>\n\t\t\t\t<div class=\"elementor-element elementor-element-0cb5897 elementor-widget elementor-widget-ova_copyright\" data-id=\"0cb5897\" data-element_type=\"widget\" data-widget_type=\"ova_copyright.default\">\n\t\t\t\t<div class=\"elementor-widget-container\">\n\t\t\t\t\t\t\t<div class=\"ova_copyright\" style=\"align-items: center\"><p style=\"text-align: center;\">Willkommen in unserem Restaurant, wo jedes Gericht ein kulinarisches Meisterwerk und jedes Getr\u00e4nk ein erfrischender Genuss ist. Entdecken Sie unsere umfangreiche Speisekarte und die verlockende Auswahl an Getr\u00e4nken, um die perfekte Erg\u00e4nzung zu Ihrem kulinarischen Erlebnis zu finden.<\/p><\/div>\n\t\t\t\t\t\t<\/div>\n\t\t\t\t<\/div>\n\t\t\t\t<div class=\"elementor-element elementor-element-1a71a4f elementor-widget elementor-widget-spacer\" data-id=\"1a71a4f\" data-element_type=\"widget\" data-widget_type=\"spacer.default\">\n\t\t\t\t<div class=\"elementor-widget-container\">\n\t\t\t\t\t\t\t<div class=\"elementor-spacer\">\n\t\t\t<div class=\"elementor-spacer-inner\"><\/div>\n\t\t<\/div>\n\t\t\t\t\t\t<\/div>\n\t\t\t\t<\/div>\n\t\t\t\t<div class=\"elementor-element elementor-element-9048deb elementor-align-center elementor-widget elementor-widget-ova_button\" data-id=\"9048deb\" data-element_type=\"widget\" data-widget_type=\"ova_button.default\">\n\t\t\t\t<div class=\"elementor-widget-container\">\n\t\t\t\t\t\t\t<div class=\"elementor-button-wrapper ova_button version_cus\">\n\t\t\t<div class=\"wrap_button\">\n\t\t\t\t<div class=\"line_button\"><\/div>\n\t\t\t\t<div class=\"wrap_content\">\n\t\t\t\t\t<a href=\"https:\/\/neomdahab.com\/wp-content\/uploads\/2018\/12\/NEOM-MENU-FINAL.pdf\" class=\"elementor-button-link elementor-button\" role=\"button\">\n\t\t\t\t\t\t\t\t<span class=\"elementor-button-content-wrapper\">\n\t\t\t\t\t\t\t<span class=\"elementor-button-icon elementor-align-icon-left\">\n\t\t\t\t\t<i class=\"fa fa-download\" aria-hidden=\"true\"><\/i>\n\t\t\t\t<\/span>\n\t\t\t\t\t\t<span class=\"elementor-button-text\">Schauen Sie sich unsere Speisekarte<\/span>\n\t\t<\/span>\n\t\t\t\t\t\t\t<\/a>\n\t\t\t\t<\/div>\n\t\t\t\t\n\t\t\t<\/div>\n\t\t<\/div>\n\t\t\t\t\t\t<\/div>\n\t\t\t\t<\/div>\n\t\t\t\t<div class=\"elementor-element elementor-element-96d586d elementor-widget elementor-widget-spacer\" data-id=\"96d586d\" data-element_type=\"widget\" data-widget_type=\"spacer.default\">\n\t\t\t\t<div class=\"elementor-widget-container\">\n\t\t\t\t\t\t\t<div class=\"elementor-spacer\">\n\t\t\t<div class=\"elementor-spacer-inner\"><\/div>\n\t\t<\/div>\n\t\t\t\t\t\t<\/div>\n\t\t\t\t<\/div>\n\t\t\t\t<\/div>\n\t\t\t\t\t<\/div>\n\t\t\t\t<\/div>\n\t\t\t\t<\/div>\n\t\t","protected":false},"excerpt":{"rendered":"<p>Unser Menu Entdecken Sie unsere k\u00f6stlichen Angebote. DISCOVER NEWS UPDATE Willkommen in unserem Restaurant, wo jedes Gericht ein kulinarisches Meisterwerk und jedes Getr\u00e4nk ein erfrischender Genuss ist. Entdecken Sie unsere umfangreiche Speisekarte und die verlockende Auswahl an Getr\u00e4nken, um die perfekte Erg\u00e4nzung zu Ihrem kulinarischen Erlebnis zu finden. Schauen Sie sich unsere Speisekarte<\/p>\n","protected":false},"author":1,"featured_media":0,"parent":0,"menu_order":0,"comment_status":"closed","ping_status":"closed","template":"elementor_header_footer","meta":{"_glsr_average":0,"_glsr_ranking":0,"_glsr_reviews":0,"footnotes":""},"class_list":["post-10687","page","type-page","status-publish","hentry"],"_links":{"self":[{"href":"https:\/\/neomdahab.com\/de\/wp-json\/wp\/v2\/pages\/10687","targetHints":{"allow":["GET"]}}],"collection":[{"href":"https:\/\/neomdahab.com\/de\/wp-json\/wp\/v2\/pages"}],"about":[{"href":"https:\/\/neomdahab.com\/de\/wp-json\/wp\/v2\/types\/page"}],"author":[{"embeddable":true,"href":"https:\/\/neomdahab.com\/de\/wp-json\/wp\/v2\/users\/1"}],"replies":[{"embeddable":true,"href":"https:\/\/neomdahab.com\/de\/wp-json\/wp\/v2\/comments?post=10687"}],"version-history":[{"count":24,"href":"https:\/\/neomdahab.com\/de\/wp-json\/wp\/v2\/pages\/10687\/revisions"}],"predecessor-version":[{"id":11019,"href":"https:\/\/neomdahab.com\/de\/wp-json\/wp\/v2\/pages\/10687\/revisions\/11019"}],"wp:attachment":[{"href":"https:\/\/neomdahab.com\/de\/wp-json\/wp\/v2\/media?parent=10687"}],"curies":[{"name":"wp","href":"https:\/\/api.w.org\/{rel}","templated":true}]}}